{"id":4235,"date":"2023-04-02T13:32:45","date_gmt":"2023-04-02T12:32:45","guid":{"rendered":"https:\/\/bloom-communication.dz\/GAM\/?page_id=4235"},"modified":"2024-05-22T19:28:48","modified_gmt":"2024-05-22T18:28:48","slug":"professions-liberales","status":"publish","type":"page","link":"https:\/\/gam.dz\/ar\/professions-liberales\/","title":{"rendered":"\u0627\u0644\u0645\u0647\u0646\u064a\u0648\u0646"},"content":{"rendered":"\t\t<div data-elementor-type=\"wp-page\" data-elementor-id=\"4235\" class=\"elementor elementor-4235\" data-elementor-post-type=\"page\">\n\t\t\t\t<div class=\"elementor-element elementor-element-93f6cf1 e-flex e-con-boxed e-con e-parent\" data-id=\"93f6cf1\" data-element_type=\"container\" data-settings=\"{&quot;background_background&quot;:&quot;classic&quot;,&quot;shape_divider_bottom&quot;:&quot;waves&quot;,&quot;shape_divider_bottom_negative&quot;:&quot;yes&quot;,&quot;jet_parallax_layout_list&quot;:[]}\">\n\t\t\t\t\t<div class=\"e-con-inner\">\n\t\t\t\t<div class=\"elementor-shape elementor-shape-bottom\" aria-hidden=\"true\" data-negative=\"true\">\n\t\t\t<svg xmlns=\"http:\/\/www.w3.org\/2000\/svg\" viewBox=\"0 0 1000 100\" preserveAspectRatio=\"none\">\n\t<path class=\"elementor-shape-fill\" d=\"M790.5,93.1c-59.3-5.3-116.8-18-192.6-50c-29.6-12.7-76.9-31-100.5-35.9c-23.6-4.9-52.6-7.8-75.5-5.3\n\tc-10.2,1.1-22.6,1.4-50.1,7.4c-27.2,6.3-58.2,16.6-79.4,24.7c-41.3,15.9-94.9,21.9-134,22.6C72,58.2,0,25.8,0,25.8V100h1000V65.3\n\tc0,0-51.5,19.4-106.2,25.7C839.5,97,814.1,95.2,790.5,93.1z\"\/>\n<\/svg>\t\t<\/div>\n\t\t\t\t<div class=\"elementor-element elementor-element-ec55b6a elementor-widget__width-initial elementor-widget elementor-widget-heading\" data-id=\"ec55b6a\" data-element_type=\"widget\" data-widget_type=\"heading.default\">\n\t\t\t\t<div class=\"elementor-widget-container\">\n\t\t\t\t\t<h2 class=\"elementor-heading-title elementor-size-default\"><div class=\"title-lines\">D<\/div>es assurances et services adapt\u00e9s \u00e0 votre activit\u00e9<\/h2>\t\t\t\t<\/div>\n\t\t\t\t<\/div>\n\t\t<div class=\"elementor-element elementor-element-f1d3f51 e-con-full e-flex e-con e-parent\" data-id=\"f1d3f51\" data-element_type=\"container\" data-settings=\"{&quot;background_background&quot;:&quot;classic&quot;,&quot;jet_parallax_layout_list&quot;:[]}\">\n\t\t\t\t<div class=\"elementor-element elementor-element-72c530d elementor-widget elementor-widget-heading\" data-id=\"72c530d\" data-element_type=\"widget\" data-widget_type=\"heading.default\">\n\t\t\t\t<div class=\"elementor-widget-container\">\n\t\t\t\t\t<h2 class=\"elementor-heading-title elementor-size-default\"><div class=\"title-lines\">P<\/div>ourquoi choisir l'assurance Multirisques Professionnels <span style=\"color: #177030\">GAM Assurances <\/span>?<\/h2>\t\t\t\t<\/div>\n\t\t\t\t<\/div>\n\t\t\t\t<div class=\"elementor-element elementor-element-7e5979f elementor-align-left elementor-widget__width-inherit elementor-icon-list--layout-traditional elementor-list-item-link-full_width elementor-widget elementor-widget-icon-list\" data-id=\"7e5979f\" data-element_type=\"widget\" data-widget_type=\"icon-list.default\">\n\t\t\t\t<div class=\"elementor-widget-container\">\n\t\t\t\t\t\t\t<ul class=\"elementor-icon-list-items\">\n\t\t\t\t\t\t\t<li class=\"elementor-icon-list-item\">\n\t\t\t\t\t\t\t\t\t\t\t<span class=\"elementor-icon-list-icon\">\n\t\t\t\t\t\t\t<i aria-hidden=\"true\" class=\"fas fa-check\"><\/i>\t\t\t\t\t\t<\/span>\n\t\t\t\t\t\t\t\t\t\t<span class=\"elementor-icon-list-text\">Des Packs M\u00e9tier con\u00e7us pour chaque activit\u00e9<\/span>\n\t\t\t\t\t\t\t\t\t<\/li>\n\t\t\t\t\t\t\t\t<li class=\"elementor-icon-list-item\">\n\t\t\t\t\t\t\t\t\t\t\t<span class=\"elementor-icon-list-icon\">\n\t\t\t\t\t\t\t<i aria-hidden=\"true\" class=\"fas fa-check\"><\/i>\t\t\t\t\t\t<\/span>\n\t\t\t\t\t\t\t\t\t\t<span class=\"elementor-icon-list-text\">Des tarifs concurrentiels<\/span>\n\t\t\t\t\t\t\t\t\t<\/li>\n\t\t\t\t\t\t\t\t<li class=\"elementor-icon-list-item\">\n\t\t\t\t\t\t\t\t\t\t\t<span class=\"elementor-icon-list-icon\">\n\t\t\t\t\t\t\t<i aria-hidden=\"true\" class=\"fas fa-check\"><\/i>\t\t\t\t\t\t<\/span>\n\t\t\t\t\t\t\t\t\t\t<span class=\"elementor-icon-list-text\">Des conseillers professionnels pour vous accompagner et orienter<\/span>\n\t\t\t\t\t\t\t\t\t<\/li>\n\t\t\t\t\t\t\t\t<li class=\"elementor-icon-list-item\">\n\t\t\t\t\t\t\t\t\t\t\t<span class=\"elementor-icon-list-icon\">\n\t\t\t\t\t\t\t<i aria-hidden=\"true\" class=\"fas fa-check\"><\/i>\t\t\t\t\t\t<\/span>\n\t\t\t\t\t\t\t\t\t\t<span class=\"elementor-icon-list-text\">Une assistance au local disponible 24H\/24 et 7J\/7<\/span>\n\t\t\t\t\t\t\t\t\t<\/li>\n\t\t\t\t\t\t<\/ul>\n\t\t\t\t\t\t<\/div>\n\t\t\t\t<\/div>\n\t\t\t\t<div class=\"elementor-element elementor-element-82d03d1 elementor-align-center elementor-mobile-align-center elementor-tablet-align-center elementor-widget__width-auto elementor-widget elementor-widget-button\" data-id=\"82d03d1\" data-element_type=\"widget\" data-widget_type=\"button.default\">\n\t\t\t\t<div class=\"elementor-widget-container\">\n\t\t\t\t\t\t\t\t\t<div class=\"elementor-button-wrapper\">\n\t\t\t\t\t<a class=\"elementor-button elementor-button-link elementor-size-sm elementor-animation-float\" href=\"#offres\">\n\t\t\t\t\t\t<span class=\"elementor-button-content-wrapper\">\n\t\t\t\t\t\t<span class=\"elementor-button-icon\">\n\t\t\t\t<i aria-hidden=\"true\" class=\"fas fa-chevron-right\"><\/i>\t\t\t<\/span>\n\t\t\t\t\t\t\t\t\t<span class=\"elementor-button-text\">Comparer les offres<\/span>\n\t\t\t\t\t<\/span>\n\t\t\t\t\t<\/a>\n\t\t\t\t<\/div>\n\t\t\t\t\t\t\t\t<\/div>\n\t\t\t\t<\/div>\n\t\t\t\t<div class=\"elementor-element elementor-element-ca80126 elementor-align-left elementor-mobile-align-center elementor-widget elementor-widget-button\" data-id=\"ca80126\" data-element_type=\"widget\" data-widget_type=\"button.default\">\n\t\t\t\t<div class=\"elementor-widget-container\">\n\t\t\t\t\t\t\t\t\t<div class=\"elementor-button-wrapper\">\n\t\t\t\t\t<a class=\"elementor-button elementor-button-link elementor-size-sm elementor-animation-float\" href=\"#devis\">\n\t\t\t\t\t\t<span class=\"elementor-button-content-wrapper\">\n\t\t\t\t\t\t<span class=\"elementor-button-icon\">\n\t\t\t\t<i aria-hidden=\"true\" class=\"fas fa-chevron-right\"><\/i>\t\t\t<\/span>\n\t\t\t\t\t\t\t\t\t<span class=\"elementor-button-text\">Obtenir un devis <\/span>\n\t\t\t\t\t<\/span>\n\t\t\t\t\t<\/a>\n\t\t\t\t<\/div>\n\t\t\t\t\t\t\t\t<\/div>\n\t\t\t\t<\/div>\n\t\t\t\t<\/div>\n\t\t\t\t<div class=\"elementor-element elementor-element-dde0092 elementor-fixed elementor-view-default elementor-invisible elementor-widget elementor-widget-icon\" data-id=\"dde0092\" data-element_type=\"widget\" data-settings=\"{&quot;_position&quot;:&quot;fixed&quot;,&quot;motion_fx_motion_fx_scrolling&quot;:&quot;yes&quot;,&quot;motion_fx_opacity_effect&quot;:&quot;yes&quot;,&quot;motion_fx_opacity_range&quot;:{&quot;unit&quot;:&quot;%&quot;,&quot;size&quot;:&quot;&quot;,&quot;sizes&quot;:{&quot;start&quot;:0,&quot;end&quot;:10}},&quot;motion_fx_range&quot;:&quot;page&quot;,&quot;_animation&quot;:&quot;fadeInUp&quot;,&quot;motion_fx_opacity_direction&quot;:&quot;out-in&quot;,&quot;motion_fx_opacity_level&quot;:{&quot;unit&quot;:&quot;px&quot;,&quot;size&quot;:10,&quot;sizes&quot;:[]},&quot;motion_fx_devices&quot;:[&quot;desktop&quot;,&quot;tablet&quot;,&quot;mobile&quot;]}\" data-widget_type=\"icon.default\">\n\t\t\t\t<div class=\"elementor-widget-container\">\n\t\t\t\t\t\t\t<div class=\"elementor-icon-wrapper\">\n\t\t\t<a class=\"elementor-icon\" href=\"#header\">\n\t\t\t<i aria-hidden=\"true\" class=\"fas fa-arrow-up\"><\/i>\t\t\t<\/a>\n\t\t<\/div>\n\t\t\t\t\t\t<\/div>\n\t\t\t\t<\/div>\n\t\t\t\t\t<\/div>\n\t\t\t\t<\/div>\n\t\t<div class=\"elementor-element elementor-element-b82ec86 e-flex e-con-boxed e-con e-parent\" data-id=\"b82ec86\" data-element_type=\"container\" data-settings=\"{&quot;jet_parallax_layout_list&quot;:[]}\">\n\t\t\t\t\t<div class=\"e-con-inner\">\n\t\t<div class=\"elementor-element elementor-element-c48f76c e-con-full e-flex e-con e-parent\" data-id=\"c48f76c\" data-element_type=\"container\" data-settings=\"{&quot;jet_parallax_layout_list&quot;:[]}\">\n\t\t\t\t<div class=\"elementor-element elementor-element-968dbdd elementor-widget elementor-widget-heading\" data-id=\"968dbdd\" data-element_type=\"widget\" data-widget_type=\"heading.default\">\n\t\t\t\t<div class=\"elementor-widget-container\">\n\t\t\t\t\t<h2 class=\"elementor-heading-title elementor-size-default\">Profession lib\u00e9rale, artisan ou auto-entrepreneur<\/h2>\t\t\t\t<\/div>\n\t\t\t\t<\/div>\n\t\t\t\t<div class=\"elementor-element elementor-element-9b7a279 elementor-widget-tablet__width-initial elementor-widget elementor-widget-heading\" data-id=\"9b7a279\" data-element_type=\"widget\" data-widget_type=\"heading.default\">\n\t\t\t\t<div class=\"elementor-widget-container\">\n\t\t\t\t\t<h2 class=\"elementor-heading-title elementor-size-default\"><div class=\"title-lines\">\u00c0<\/div> chaque activit\u00e9 son <font style=\"color: #177030\">Pack M\u00e9tier<\/font> GAM Assurances !<\/h2>\t\t\t\t<\/div>\n\t\t\t\t<\/div>\n\t\t\t\t<div class=\"elementor-element elementor-element-167c063 elementor-widget elementor-widget-text-editor\" data-id=\"167c063\" data-element_type=\"widget\" data-settings=\"{&quot;_animation_tablet&quot;:&quot;none&quot;,&quot;_animation_mobile&quot;:&quot;none&quot;}\" data-widget_type=\"text-editor.default\">\n\t\t\t\t<div class=\"elementor-widget-container\">\n\t\t\t\t\t\t\t\t\t<p>Parce que chaque profession est confront\u00e9e \u00e0 des risques propres \u00e0 son secteur d\u2019activit\u00e9, que GAM Assurances a con\u00e7u pour vous une assurance Multirisque professionnelle adapt\u00e9 \u00e0 chaque m\u00e9tier.<\/p><p>Pour mieux vous accompagner, GAM Assurances vous propose une assurance professionnelle, comprenant diff\u00e9rentes garanties et services innovants, vous permettant ainsi d\u2019exercer votre m\u00e9tier en toute tranquillit\u00e9.<\/p>\t\t\t\t\t\t\t\t<\/div>\n\t\t\t\t<\/div>\n\t\t\t\t<div class=\"elementor-element elementor-element-95b5b03 elementor-align-left elementor-mobile-align-center elementor-tablet-align-center elementor-widget elementor-widget-button\" data-id=\"95b5b03\" data-element_type=\"widget\" data-widget_type=\"button.default\">\n\t\t\t\t<div class=\"elementor-widget-container\">\n\t\t\t\t\t\t\t\t\t<div class=\"elementor-button-wrapper\">\n\t\t\t\t\t<a class=\"elementor-button elementor-button-link elementor-size-sm elementor-animation-float\" href=\"#candidatures\">\n\t\t\t\t\t\t<span class=\"elementor-button-content-wrapper\">\n\t\t\t\t\t\t<span class=\"elementor-button-icon\">\n\t\t\t\t<i aria-hidden=\"true\" class=\"fas fa-chevron-right\"><\/i>\t\t\t<\/span>\n\t\t\t\t\t\t\t\t\t<span class=\"elementor-button-text\">Postuler maintenant<\/span>\n\t\t\t\t\t<\/span>\n\t\t\t\t\t<\/a>\n\t\t\t\t<\/div>\n\t\t\t\t\t\t\t\t<\/div>\n\t\t\t\t<\/div>\n\t\t\t\t<\/div>\n\t\t\t\t<div class=\"elementor-element elementor-element-40affd8 elementor-widget__width-initial elementor-widget elementor-widget-image\" data-id=\"40affd8\" data-element_type=\"widget\" data-widget_type=\"image.default\">\n\t\t\t\t<div class=\"elementor-widget-container\">\n\t\t\t\t\t\t\t\t\t\t\t\t\t\t\t<img fetchpriority=\"high\" decoding=\"async\" width=\"1163\" height=\"1000\" src=\"https:\/\/gam.dz\/wp-content\/uploads\/Untitled-design-6.png\" class=\"attachment-large size-large wp-image-10704\" alt=\"\" srcset=\"https:\/\/gam.dz\/wp-content\/uploads\/Untitled-design-6.png 1163w, https:\/\/gam.dz\/wp-content\/uploads\/Untitled-design-6-768x660.png 768w\" sizes=\"(max-width: 1163px) 100vw, 1163px\" \/>\t\t\t\t\t\t\t\t\t\t\t\t\t\t\t<\/div>\n\t\t\t\t<\/div>\n\t\t\t\t\t<\/div>\n\t\t\t\t<\/div>\n\t\t\t\t<\/div>\n\t\t","protected":false},"excerpt":{"rendered":"<p>Des assurances et services adapt\u00e9s \u00e0 votre activit\u00e9 Pourquoi choisir l&#8217;assurance Multirisques Professionnels GAM Assurances ? Des Packs M\u00e9tier con\u00e7us pour chaque activit\u00e9 Des tarifs concurrentiels Des conseillers professionnels pour vous accompagner et orienter Une assistance au local disponible 24H\/24 et 7J\/7 Comparer les offres Obtenir un devis Profession lib\u00e9rale, artisan ou auto-entrepreneur \u00c0 chaque [&hellip;]<\/p>\n","protected":false},"author":15,"featured_media":0,"parent":0,"menu_order":0,"comment_status":"closed","ping_status":"closed","template":"","meta":{"footnotes":""},"class_list":["post-4235","page","type-page","status-publish","hentry"],"yoast_head":"<!-- This site is optimized with the Yoast SEO plugin v27.1.1 - https:\/\/yoast.com\/product\/yoast-seo-wordpress\/ -->\n<title>Professionnels - GAM Assurances<\/title>\n<meta name=\"robots\" content=\"index, follow, max-snippet:-1, max-image-preview:large, max-video-preview:-1\" \/>\n<link rel=\"canonical\" href=\"https:\/\/bloom-communication.dz\/GAM\/professions-liberales\/\" \/>\n<meta property=\"og:locale\" content=\"ar_AR\" \/>\n<meta property=\"og:type\" content=\"article\" \/>\n<meta property=\"og:title\" content=\"Professionnels - GAM Assurances\" \/>\n<meta property=\"og:description\" content=\"Des assurances et services adapt\u00e9s \u00e0 votre activit\u00e9 Pourquoi choisir l&#8217;assurance Multirisques Professionnels GAM Assurances ? Des Packs M\u00e9tier con\u00e7us pour chaque activit\u00e9 Des tarifs concurrentiels Des conseillers professionnels pour vous accompagner et orienter Une assistance au local disponible 24H\/24 et 7J\/7 Comparer les offres Obtenir un devis Profession lib\u00e9rale, artisan ou auto-entrepreneur \u00c0 chaque [&hellip;]\" \/>\n<meta property=\"og:url\" content=\"https:\/\/bloom-communication.dz\/GAM\/professions-liberales\/\" \/>\n<meta property=\"og:site_name\" content=\"GAM Assurances\" \/>\n<meta property=\"article:publisher\" content=\"https:\/\/www.facebook.com\/GAMassurancesofficiel\/\" \/>\n<meta property=\"article:modified_time\" content=\"2024-05-22T18:28:48+00:00\" \/>\n<meta property=\"og:image\" content=\"https:\/\/bloom-communication.dz\/GAM\/wp-content\/uploads\/Untitled-design-6.png\" \/>\n<meta name=\"twitter:card\" content=\"summary_large_image\" \/>\n<meta name=\"twitter:site\" content=\"@gam_assurances\" \/>\n<meta name=\"twitter:label1\" content=\"\u0648\u0642\u062a \u0627\u0644\u0642\u0631\u0627\u0621\u0629 \u0627\u0644\u0645\u064f\u0642\u062f\u0651\u0631\" \/>\n\t<meta name=\"twitter:data1\" content=\"\u062f\u0642\u064a\u0642\u0629 \u0648\u0627\u062d\u062f\u0629\" \/>\n<script type=\"application\/ld+json\" class=\"yoast-schema-graph\">{\"@context\":\"https:\/\/schema.org\",\"@graph\":[{\"@type\":\"WebPage\",\"@id\":\"https:\/\/bloom-communication.dz\/GAM\/professions-liberales\/\",\"url\":\"https:\/\/bloom-communication.dz\/GAM\/professions-liberales\/\",\"name\":\"Professionnels - GAM Assurances\",\"isPartOf\":{\"@id\":\"https:\/\/bloom-communication.dz\/GAM\/#website\"},\"primaryImageOfPage\":{\"@id\":\"https:\/\/bloom-communication.dz\/GAM\/professions-liberales\/#primaryimage\"},\"image\":{\"@id\":\"https:\/\/bloom-communication.dz\/GAM\/professions-liberales\/#primaryimage\"},\"thumbnailUrl\":\"https:\/\/gam.dz\/wp-content\/uploads\/Untitled-design-6.png\",\"datePublished\":\"2023-04-02T12:32:45+00:00\",\"dateModified\":\"2024-05-22T18:28:48+00:00\",\"breadcrumb\":{\"@id\":\"https:\/\/bloom-communication.dz\/GAM\/professions-liberales\/#breadcrumb\"},\"inLanguage\":\"ar\",\"potentialAction\":[{\"@type\":\"ReadAction\",\"target\":[\"https:\/\/bloom-communication.dz\/GAM\/professions-liberales\/\"]}]},{\"@type\":\"ImageObject\",\"inLanguage\":\"ar\",\"@id\":\"https:\/\/bloom-communication.dz\/GAM\/professions-liberales\/#primaryimage\",\"url\":\"https:\/\/gam.dz\/wp-content\/uploads\/Untitled-design-6.png\",\"contentUrl\":\"https:\/\/gam.dz\/wp-content\/uploads\/Untitled-design-6.png\"},{\"@type\":\"BreadcrumbList\",\"@id\":\"https:\/\/bloom-communication.dz\/GAM\/professions-liberales\/#breadcrumb\",\"itemListElement\":[{\"@type\":\"ListItem\",\"position\":1,\"name\":\"Accueil\",\"item\":\"https:\/\/gam.dz\/\"},{\"@type\":\"ListItem\",\"position\":2,\"name\":\"Professionnels\"}]},{\"@type\":\"WebSite\",\"@id\":\"https:\/\/bloom-communication.dz\/GAM\/#website\",\"url\":\"https:\/\/bloom-communication.dz\/GAM\/\",\"name\":\"GAM Assurances - Votre partenaire assurances\",\"description\":\"Votre protection est notre engagement\",\"publisher\":{\"@id\":\"https:\/\/bloom-communication.dz\/GAM\/#organization\"},\"potentialAction\":[{\"@type\":\"SearchAction\",\"target\":{\"@type\":\"EntryPoint\",\"urlTemplate\":\"https:\/\/bloom-communication.dz\/GAM\/?s={search_term_string}\"},\"query-input\":{\"@type\":\"PropertyValueSpecification\",\"valueRequired\":true,\"valueName\":\"search_term_string\"}}],\"inLanguage\":\"ar\"},{\"@type\":\"Organization\",\"@id\":\"https:\/\/bloom-communication.dz\/GAM\/#organization\",\"name\":\"GAM Assurances\",\"url\":\"https:\/\/bloom-communication.dz\/GAM\/\",\"logo\":{\"@type\":\"ImageObject\",\"inLanguage\":\"ar\",\"@id\":\"https:\/\/bloom-communication.dz\/GAM\/#\/schema\/logo\/image\/\",\"url\":\"https:\/\/gam.dz\/wp-content\/uploads\/logo.png\",\"contentUrl\":\"https:\/\/gam.dz\/wp-content\/uploads\/logo.png\",\"width\":680,\"height\":754,\"caption\":\"GAM Assurances\"},\"image\":{\"@id\":\"https:\/\/bloom-communication.dz\/GAM\/#\/schema\/logo\/image\/\"},\"sameAs\":[\"https:\/\/www.facebook.com\/GAMassurancesofficiel\/\",\"https:\/\/x.com\/gam_assurances\",\"https:\/\/www.instagram.com\/gamassurances\/\",\"https:\/\/www.linkedin.com\/company\/22295737\/admin\/dashboard\/\"]}]}<\/script>\n<!-- \/ Yoast SEO plugin. -->","yoast_head_json":{"title":"Professionnels - GAM Assurances","robots":{"index":"index","follow":"follow","max-snippet":"max-snippet:-1","max-image-preview":"max-image-preview:large","max-video-preview":"max-video-preview:-1"},"canonical":"https:\/\/bloom-communication.dz\/GAM\/professions-liberales\/","og_locale":"ar_AR","og_type":"article","og_title":"Professionnels - GAM Assurances","og_description":"Des assurances et services adapt\u00e9s \u00e0 votre activit\u00e9 Pourquoi choisir l&#8217;assurance Multirisques Professionnels GAM Assurances ? Des Packs M\u00e9tier con\u00e7us pour chaque activit\u00e9 Des tarifs concurrentiels Des conseillers professionnels pour vous accompagner et orienter Une assistance au local disponible 24H\/24 et 7J\/7 Comparer les offres Obtenir un devis Profession lib\u00e9rale, artisan ou auto-entrepreneur \u00c0 chaque [&hellip;]","og_url":"https:\/\/bloom-communication.dz\/GAM\/professions-liberales\/","og_site_name":"GAM Assurances","article_publisher":"https:\/\/www.facebook.com\/GAMassurancesofficiel\/","article_modified_time":"2024-05-22T18:28:48+00:00","og_image":[{"url":"https:\/\/bloom-communication.dz\/GAM\/wp-content\/uploads\/Untitled-design-6.png","type":"","width":"","height":""}],"twitter_card":"summary_large_image","twitter_site":"@gam_assurances","twitter_misc":{"\u0648\u0642\u062a \u0627\u0644\u0642\u0631\u0627\u0621\u0629 \u0627\u0644\u0645\u064f\u0642\u062f\u0651\u0631":"\u062f\u0642\u064a\u0642\u0629 \u0648\u0627\u062d\u062f\u0629"},"schema":{"@context":"https:\/\/schema.org","@graph":[{"@type":"WebPage","@id":"https:\/\/bloom-communication.dz\/GAM\/professions-liberales\/","url":"https:\/\/bloom-communication.dz\/GAM\/professions-liberales\/","name":"Professionnels - GAM Assurances","isPartOf":{"@id":"https:\/\/bloom-communication.dz\/GAM\/#website"},"primaryImageOfPage":{"@id":"https:\/\/bloom-communication.dz\/GAM\/professions-liberales\/#primaryimage"},"image":{"@id":"https:\/\/bloom-communication.dz\/GAM\/professions-liberales\/#primaryimage"},"thumbnailUrl":"https:\/\/gam.dz\/wp-content\/uploads\/Untitled-design-6.png","datePublished":"2023-04-02T12:32:45+00:00","dateModified":"2024-05-22T18:28:48+00:00","breadcrumb":{"@id":"https:\/\/bloom-communication.dz\/GAM\/professions-liberales\/#breadcrumb"},"inLanguage":"ar","potentialAction":[{"@type":"ReadAction","target":["https:\/\/bloom-communication.dz\/GAM\/professions-liberales\/"]}]},{"@type":"ImageObject","inLanguage":"ar","@id":"https:\/\/bloom-communication.dz\/GAM\/professions-liberales\/#primaryimage","url":"https:\/\/gam.dz\/wp-content\/uploads\/Untitled-design-6.png","contentUrl":"https:\/\/gam.dz\/wp-content\/uploads\/Untitled-design-6.png"},{"@type":"BreadcrumbList","@id":"https:\/\/bloom-communication.dz\/GAM\/professions-liberales\/#breadcrumb","itemListElement":[{"@type":"ListItem","position":1,"name":"Accueil","item":"https:\/\/gam.dz\/"},{"@type":"ListItem","position":2,"name":"Professionnels"}]},{"@type":"WebSite","@id":"https:\/\/bloom-communication.dz\/GAM\/#website","url":"https:\/\/bloom-communication.dz\/GAM\/","name":"GAM Assurances - Votre partenaire assurances","description":"Votre protection est notre engagement","publisher":{"@id":"https:\/\/bloom-communication.dz\/GAM\/#organization"},"potentialAction":[{"@type":"SearchAction","target":{"@type":"EntryPoint","urlTemplate":"https:\/\/bloom-communication.dz\/GAM\/?s={search_term_string}"},"query-input":{"@type":"PropertyValueSpecification","valueRequired":true,"valueName":"search_term_string"}}],"inLanguage":"ar"},{"@type":"Organization","@id":"https:\/\/bloom-communication.dz\/GAM\/#organization","name":"\u0644\u0644\u062a\u0623\u0645\u064a\u0646\u0627\u062a\u200c GAM","url":"https:\/\/bloom-communication.dz\/GAM\/","logo":{"@type":"ImageObject","inLanguage":"ar","@id":"https:\/\/bloom-communication.dz\/GAM\/#\/schema\/logo\/image\/","url":"https:\/\/gam.dz\/wp-content\/uploads\/logo.png","contentUrl":"https:\/\/gam.dz\/wp-content\/uploads\/logo.png","width":680,"height":754,"caption":"GAM Assurances"},"image":{"@id":"https:\/\/bloom-communication.dz\/GAM\/#\/schema\/logo\/image\/"},"sameAs":["https:\/\/www.facebook.com\/GAMassurancesofficiel\/","https:\/\/x.com\/gam_assurances","https:\/\/www.instagram.com\/gamassurances\/","https:\/\/www.linkedin.com\/company\/22295737\/admin\/dashboard\/"]}]}},"_links":{"self":[{"href":"https:\/\/gam.dz\/ar\/wp-json\/wp\/v2\/pages\/4235","targetHints":{"allow":["GET"]}}],"collection":[{"href":"https:\/\/gam.dz\/ar\/wp-json\/wp\/v2\/pages"}],"about":[{"href":"https:\/\/gam.dz\/ar\/wp-json\/wp\/v2\/types\/page"}],"author":[{"embeddable":true,"href":"https:\/\/gam.dz\/ar\/wp-json\/wp\/v2\/users\/15"}],"replies":[{"embeddable":true,"href":"https:\/\/gam.dz\/ar\/wp-json\/wp\/v2\/comments?post=4235"}],"version-history":[{"count":0,"href":"https:\/\/gam.dz\/ar\/wp-json\/wp\/v2\/pages\/4235\/revisions"}],"wp:attachment":[{"href":"https:\/\/gam.dz\/ar\/wp-json\/wp\/v2\/media?parent=4235"}],"curies":[{"name":"wp","href":"https:\/\/api.w.org\/{rel}","templated":true}]}}