{"id":21131,"date":"2026-05-07T13:19:36","date_gmt":"2026-05-07T12:19:36","guid":{"rendered":"https:\/\/gam.dz\/?page_id=21131"},"modified":"2026-05-07T13:55:21","modified_gmt":"2026-05-07T12:55:21","slug":"devenir-aga-formulaire","status":"publish","type":"page","link":"https:\/\/gam.dz\/ar\/devenir-aga-formulaire\/","title":{"rendered":"Devenir AGA &#8211; Formulaire"},"content":{"rendered":"\t\t<div data-elementor-type=\"wp-page\" data-elementor-id=\"21131\" class=\"elementor elementor-21131\" data-elementor-post-type=\"page\">\n\t\t\t\t<div class=\"elementor-element elementor-element-abaf225 e-flex e-con-boxed e-con e-parent\" data-id=\"abaf225\" data-element_type=\"container\" data-settings=\"{&quot;jet_parallax_layout_list&quot;:[]}\">\n\t\t\t\t\t<div class=\"e-con-inner\">\n\t\t\t\t<div class=\"elementor-element elementor-element-5668805 elementor-button-align-end elementor-widget elementor-widget-form\" data-id=\"5668805\" data-element_type=\"widget\" data-settings=\"{&quot;button_width&quot;:&quot;100&quot;,&quot;step_type&quot;:&quot;number_text&quot;,&quot;step_icon_shape&quot;:&quot;circle&quot;}\" data-widget_type=\"form.default\">\n\t\t\t\t<div class=\"elementor-widget-container\">\n\t\t\t\t\t\t\t<form class=\"elementor-form\" method=\"post\" name=\"Nouveau formulaire\" aria-label=\"Nouveau formulaire\">\n\t\t\t<input type=\"hidden\" name=\"post_id\" value=\"21131\"\/>\n\t\t\t<input type=\"hidden\" name=\"form_id\" value=\"5668805\"\/>\n\t\t\t<input type=\"hidden\" name=\"referer_title\" value=\"Devenir AGA - Formulaire - GAM Assurances\" \/>\n\n\t\t\t\t\t\t\t<input type=\"hidden\" name=\"queried_id\" value=\"21131\"\/>\n\t\t\t\n\t\t\t<div class=\"elementor-form-fields-wrapper elementor-labels-above\">\n\t\t\t\t\t\t\t\t<div class=\"elementor-field-type-text elementor-field-group elementor-column elementor-field-group-name elementor-col-50 elementor-field-required\">\n\t\t\t\t\t\t\t\t\t\t\t\t<label for=\"form-field-name\" class=\"elementor-field-label\">\n\t\t\t\t\t\t\t\tNom & Pr\u00e9nom\t\t\t\t\t\t\t<\/label>\n\t\t\t\t\t\t\t\t\t\t\t\t\t\t<input size=\"1\" type=\"text\" name=\"form_fields[name]\" id=\"form-field-name\" class=\"elementor-field elementor-size-sm  elementor-field-textual\" placeholder=\"Nom de l&#039;assur\u00e9\" required=\"required\">\n\t\t\t\t\t\t\t\t\t\t\t<\/div>\n\t\t\t\t\t\t\t\t<div class=\"elementor-field-type-tel elementor-field-group elementor-column elementor-field-group-field_118f6d7 elementor-col-50 elementor-field-required\">\n\t\t\t\t\t\t\t\t\t\t\t\t<label for=\"form-field-field_118f6d7\" class=\"elementor-field-label\">\n\t\t\t\t\t\t\t\tT\u00e9l\u00e9phone\t\t\t\t\t\t\t<\/label>\n\t\t\t\t\t\t\t\t<input size=\"1\" type=\"tel\" name=\"form_fields[field_118f6d7]\" id=\"form-field-field_118f6d7\" class=\"elementor-field elementor-size-sm  elementor-field-textual\" placeholder=\"05, 06, 07...\" required=\"required\" pattern=\"[0-9()#&amp;+*-=.]+\" title=\"Seuls les caract\u00e8res de num\u00e9ros de t\u00e9l\u00e9phone (#, -, *, etc.) sont accept\u00e9s.\">\n\n\t\t\t\t\t\t<\/div>\n\t\t\t\t\t\t\t\t<div class=\"elementor-field-type-email elementor-field-group elementor-column elementor-field-group-field_354f3fd elementor-col-50\">\n\t\t\t\t\t\t\t\t\t\t\t\t<label for=\"form-field-field_354f3fd\" class=\"elementor-field-label\">\n\t\t\t\t\t\t\t\tEmail\t\t\t\t\t\t\t<\/label>\n\t\t\t\t\t\t\t\t\t\t\t\t\t\t<input size=\"1\" type=\"email\" name=\"form_fields[field_354f3fd]\" id=\"form-field-field_354f3fd\" class=\"elementor-field elementor-size-sm  elementor-field-textual\" placeholder=\"exemple@gmail.com\">\n\t\t\t\t\t\t\t\t\t\t\t<\/div>\n\t\t\t\t\t\t\t\t<div class=\"elementor-field-type-text elementor-field-group elementor-column elementor-field-group-field_4534cc0 elementor-col-100 elementor-field-required\">\n\t\t\t\t\t\t\t\t\t\t\t\t<label for=\"form-field-field_4534cc0\" class=\"elementor-field-label\">\n\t\t\t\t\t\t\t\tWilaya\t\t\t\t\t\t\t<\/label>\n\t\t\t\t\t\t\t\t\t\t\t\t\t\t<input size=\"1\" type=\"text\" name=\"form_fields[field_4534cc0]\" id=\"form-field-field_4534cc0\" class=\"elementor-field elementor-size-sm  elementor-field-textual\" placeholder=\"wilaya\" required=\"required\">\n\t\t\t\t\t\t\t\t\t\t\t<\/div>\n\t\t\t\t\t\t\t\t<div class=\"elementor-field-type-text elementor-field-group elementor-column elementor-field-group-field_ebf5448 elementor-col-100 elementor-field-required\">\n\t\t\t\t\t\t\t\t\t\t\t\t<label for=\"form-field-field_ebf5448\" class=\"elementor-field-label\">\n\t\t\t\t\t\t\t\tAdresse\t\t\t\t\t\t\t<\/label>\n\t\t\t\t\t\t\t\t\t\t\t\t\t\t<input size=\"1\" type=\"text\" name=\"form_fields[field_ebf5448]\" id=\"form-field-field_ebf5448\" class=\"elementor-field elementor-size-sm  elementor-field-textual\" placeholder=\"Adresse\" required=\"required\">\n\t\t\t\t\t\t\t\t\t\t\t<\/div>\n\t\t\t\t\t\t\t\t<div class=\"elementor-field-type-upload elementor-field-group elementor-column elementor-field-group-field_e64dd52 elementor-col-100 elementor-field-required\">\n\t\t\t\t\t\t\t\t\t\t\t\t<label for=\"form-field-field_e64dd52\" class=\"elementor-field-label\">\n\t\t\t\t\t\t\t\tVotre CV\t\t\t\t\t\t\t<\/label>\n\t\t\t\t\t\t\t\t<input type=\"file\" name=\"form_fields[field_e64dd52]\" id=\"form-field-field_e64dd52\" class=\"elementor-field elementor-size-sm  elementor-upload-field\" required=\"required\" data-maxsize=\"8\" data-maxsize-message=\"Ce fichier d\u00e9passe la taille maximale autoris\u00e9e.\">\n\n\t\t\t\t\t\t<\/div>\n\t\t\t\t\t\t\t\t<div class=\"elementor-field-group elementor-column elementor-field-type-submit elementor-col-100 e-form__buttons\">\n\t\t\t\t\t<button class=\"elementor-button elementor-size-sm\" type=\"submit\">\n\t\t\t\t\t\t<span class=\"elementor-button-content-wrapper\">\n\t\t\t\t\t\t\t\t\t\t\t\t\t\t\t\t\t\t\t\t\t\t<span class=\"elementor-button-text\">Postuler<\/span>\n\t\t\t\t\t\t\t\t\t\t\t\t\t<\/span>\n\t\t\t\t\t<\/button>\n\t\t\t\t<\/div>\n\t\t\t<\/div>\n\t\t<\/form>\n\t\t\t\t\t\t<\/div>\n\t\t\t\t<\/div>\n\t\t\t\t\t<\/div>\n\t\t\t\t<\/div>\n\t\t\t\t<\/div>\n\t\t","protected":false},"excerpt":{"rendered":"","protected":false},"author":1,"featured_media":0,"parent":0,"menu_order":0,"comment_status":"closed","ping_status":"closed","template":"","meta":{"footnotes":""},"class_list":["post-21131","page","type-page","status-publish","hentry"],"yoast_head":"<!-- This site is optimized with the Yoast SEO plugin v27.1.1 - https:\/\/yoast.com\/product\/yoast-seo-wordpress\/ -->\n<title>Devenir AGA - Formulaire - GAM Assurances<\/title>\n<meta name=\"robots\" content=\"index, follow, max-snippet:-1, max-image-preview:large, max-video-preview:-1\" \/>\n<link rel=\"canonical\" href=\"https:\/\/gam.dz\/ar\/devenir-aga-formulaire\/\" \/>\n<meta property=\"og:locale\" content=\"ar_AR\" \/>\n<meta property=\"og:type\" content=\"article\" \/>\n<meta property=\"og:title\" content=\"Devenir AGA - Formulaire - GAM Assurances\" \/>\n<meta property=\"og:url\" content=\"https:\/\/gam.dz\/ar\/devenir-aga-formulaire\/\" \/>\n<meta property=\"og:site_name\" content=\"GAM Assurances\" \/>\n<meta property=\"article:publisher\" content=\"https:\/\/www.facebook.com\/GAMassurancesofficiel\/\" \/>\n<meta property=\"article:modified_time\" content=\"2026-05-07T12:55:21+00:00\" \/>\n<meta name=\"twitter:card\" content=\"summary_large_image\" \/>\n<meta name=\"twitter:site\" content=\"@gam_assurances\" \/>\n<meta name=\"twitter:label1\" content=\"\u0648\u0642\u062a \u0627\u0644\u0642\u0631\u0627\u0621\u0629 \u0627\u0644\u0645\u064f\u0642\u062f\u0651\u0631\" \/>\n\t<meta name=\"twitter:data1\" content=\"\u062f\u0642\u064a\u0642\u0629 \u0648\u0627\u062d\u062f\u0629\" \/>\n<script type=\"application\/ld+json\" class=\"yoast-schema-graph\">{\"@context\":\"https:\/\/schema.org\",\"@graph\":[{\"@type\":\"WebPage\",\"@id\":\"https:\/\/gam.dz\/devenir-aga-formulaire\/\",\"url\":\"https:\/\/gam.dz\/devenir-aga-formulaire\/\",\"name\":\"Devenir AGA - Formulaire - GAM Assurances\",\"isPartOf\":{\"@id\":\"https:\/\/bloom-communication.dz\/GAM\/#website\"},\"datePublished\":\"2026-05-07T12:19:36+00:00\",\"dateModified\":\"2026-05-07T12:55:21+00:00\",\"breadcrumb\":{\"@id\":\"https:\/\/gam.dz\/devenir-aga-formulaire\/#breadcrumb\"},\"inLanguage\":\"ar\",\"potentialAction\":[{\"@type\":\"ReadAction\",\"target\":[\"https:\/\/gam.dz\/devenir-aga-formulaire\/\"]}]},{\"@type\":\"BreadcrumbList\",\"@id\":\"https:\/\/gam.dz\/devenir-aga-formulaire\/#breadcrumb\",\"itemListElement\":[{\"@type\":\"ListItem\",\"position\":1,\"name\":\"Accueil\",\"item\":\"https:\/\/gam.dz\/\"},{\"@type\":\"ListItem\",\"position\":2,\"name\":\"Devenir AGA &#8211; Formulaire\"}]},{\"@type\":\"WebSite\",\"@id\":\"https:\/\/bloom-communication.dz\/GAM\/#website\",\"url\":\"https:\/\/bloom-communication.dz\/GAM\/\",\"name\":\"GAM Assurances - Votre partenaire assurances\",\"description\":\"Votre protection est notre engagement\",\"publisher\":{\"@id\":\"https:\/\/bloom-communication.dz\/GAM\/#organization\"},\"potentialAction\":[{\"@type\":\"SearchAction\",\"target\":{\"@type\":\"EntryPoint\",\"urlTemplate\":\"https:\/\/bloom-communication.dz\/GAM\/?s={search_term_string}\"},\"query-input\":{\"@type\":\"PropertyValueSpecification\",\"valueRequired\":true,\"valueName\":\"search_term_string\"}}],\"inLanguage\":\"ar\"},{\"@type\":\"Organization\",\"@id\":\"https:\/\/bloom-communication.dz\/GAM\/#organization\",\"name\":\"GAM Assurances\",\"url\":\"https:\/\/bloom-communication.dz\/GAM\/\",\"logo\":{\"@type\":\"ImageObject\",\"inLanguage\":\"ar\",\"@id\":\"https:\/\/bloom-communication.dz\/GAM\/#\/schema\/logo\/image\/\",\"url\":\"https:\/\/gam.dz\/wp-content\/uploads\/logo.png\",\"contentUrl\":\"https:\/\/gam.dz\/wp-content\/uploads\/logo.png\",\"width\":680,\"height\":754,\"caption\":\"GAM Assurances\"},\"image\":{\"@id\":\"https:\/\/bloom-communication.dz\/GAM\/#\/schema\/logo\/image\/\"},\"sameAs\":[\"https:\/\/www.facebook.com\/GAMassurancesofficiel\/\",\"https:\/\/x.com\/gam_assurances\",\"https:\/\/www.instagram.com\/gamassurances\/\",\"https:\/\/www.linkedin.com\/company\/22295737\/admin\/dashboard\/\"]}]}<\/script>\n<!-- \/ Yoast SEO plugin. -->","yoast_head_json":{"title":"Devenir AGA - Formulaire - GAM Assurances","robots":{"index":"index","follow":"follow","max-snippet":"max-snippet:-1","max-image-preview":"max-image-preview:large","max-video-preview":"max-video-preview:-1"},"canonical":"https:\/\/gam.dz\/ar\/devenir-aga-formulaire\/","og_locale":"ar_AR","og_type":"article","og_title":"Devenir AGA - Formulaire - GAM Assurances","og_url":"https:\/\/gam.dz\/ar\/devenir-aga-formulaire\/","og_site_name":"GAM Assurances","article_publisher":"https:\/\/www.facebook.com\/GAMassurancesofficiel\/","article_modified_time":"2026-05-07T12:55:21+00:00","twitter_card":"summary_large_image","twitter_site":"@gam_assurances","twitter_misc":{"\u0648\u0642\u062a \u0627\u0644\u0642\u0631\u0627\u0621\u0629 \u0627\u0644\u0645\u064f\u0642\u062f\u0651\u0631":"\u062f\u0642\u064a\u0642\u0629 \u0648\u0627\u062d\u062f\u0629"},"schema":{"@context":"https:\/\/schema.org","@graph":[{"@type":"WebPage","@id":"https:\/\/gam.dz\/devenir-aga-formulaire\/","url":"https:\/\/gam.dz\/devenir-aga-formulaire\/","name":"Devenir AGA - Formulaire - GAM Assurances","isPartOf":{"@id":"https:\/\/bloom-communication.dz\/GAM\/#website"},"datePublished":"2026-05-07T12:19:36+00:00","dateModified":"2026-05-07T12:55:21+00:00","breadcrumb":{"@id":"https:\/\/gam.dz\/devenir-aga-formulaire\/#breadcrumb"},"inLanguage":"ar","potentialAction":[{"@type":"ReadAction","target":["https:\/\/gam.dz\/devenir-aga-formulaire\/"]}]},{"@type":"BreadcrumbList","@id":"https:\/\/gam.dz\/devenir-aga-formulaire\/#breadcrumb","itemListElement":[{"@type":"ListItem","position":1,"name":"Accueil","item":"https:\/\/gam.dz\/"},{"@type":"ListItem","position":2,"name":"Devenir AGA &#8211; Formulaire"}]},{"@type":"WebSite","@id":"https:\/\/bloom-communication.dz\/GAM\/#website","url":"https:\/\/bloom-communication.dz\/GAM\/","name":"GAM Assurances - Votre partenaire assurances","description":"Votre protection est notre engagement","publisher":{"@id":"https:\/\/bloom-communication.dz\/GAM\/#organization"},"potentialAction":[{"@type":"SearchAction","target":{"@type":"EntryPoint","urlTemplate":"https:\/\/bloom-communication.dz\/GAM\/?s={search_term_string}"},"query-input":{"@type":"PropertyValueSpecification","valueRequired":true,"valueName":"search_term_string"}}],"inLanguage":"ar"},{"@type":"Organization","@id":"https:\/\/bloom-communication.dz\/GAM\/#organization","name":"\u0644\u0644\u062a\u0623\u0645\u064a\u0646\u0627\u062a\u200c GAM","url":"https:\/\/bloom-communication.dz\/GAM\/","logo":{"@type":"ImageObject","inLanguage":"ar","@id":"https:\/\/bloom-communication.dz\/GAM\/#\/schema\/logo\/image\/","url":"https:\/\/gam.dz\/wp-content\/uploads\/logo.png","contentUrl":"https:\/\/gam.dz\/wp-content\/uploads\/logo.png","width":680,"height":754,"caption":"GAM Assurances"},"image":{"@id":"https:\/\/bloom-communication.dz\/GAM\/#\/schema\/logo\/image\/"},"sameAs":["https:\/\/www.facebook.com\/GAMassurancesofficiel\/","https:\/\/x.com\/gam_assurances","https:\/\/www.instagram.com\/gamassurances\/","https:\/\/www.linkedin.com\/company\/22295737\/admin\/dashboard\/"]}]}},"_links":{"self":[{"href":"https:\/\/gam.dz\/ar\/wp-json\/wp\/v2\/pages\/21131","targetHints":{"allow":["GET"]}}],"collection":[{"href":"https:\/\/gam.dz\/ar\/wp-json\/wp\/v2\/pages"}],"about":[{"href":"https:\/\/gam.dz\/ar\/wp-json\/wp\/v2\/types\/page"}],"author":[{"embeddable":true,"href":"https:\/\/gam.dz\/ar\/wp-json\/wp\/v2\/users\/1"}],"replies":[{"embeddable":true,"href":"https:\/\/gam.dz\/ar\/wp-json\/wp\/v2\/comments?post=21131"}],"version-history":[{"count":11,"href":"https:\/\/gam.dz\/ar\/wp-json\/wp\/v2\/pages\/21131\/revisions"}],"predecessor-version":[{"id":21150,"href":"https:\/\/gam.dz\/ar\/wp-json\/wp\/v2\/pages\/21131\/revisions\/21150"}],"wp:attachment":[{"href":"https:\/\/gam.dz\/ar\/wp-json\/wp\/v2\/media?parent=21131"}],"curies":[{"name":"wp","href":"https:\/\/api.w.org\/{rel}","templated":true}]}}