{"id":1497,"date":"2023-02-14T11:02:00","date_gmt":"2023-02-14T10:02:00","guid":{"rendered":"https:\/\/bloom-communication.dz\/GAM\/?page_id=1497"},"modified":"2025-09-18T11:44:47","modified_gmt":"2025-09-18T10:44:47","slug":"agences-gam","status":"publish","type":"page","link":"https:\/\/gam.dz\/ar\/agences-gam\/","title":{"rendered":"Agences"},"content":{"rendered":"<div data-elementor-type=\"wp-page\" data-elementor-id=\"1497\" class=\"elementor elementor-1497\" data-elementor-post-type=\"page\">\n\t\t\t\t<div class=\"elementor-element elementor-element-cf5c9cf elementor-hidden-desktop elementor-hidden-tablet elementor-hidden-mobile e-flex e-con-boxed e-con e-parent\" data-id=\"cf5c9cf\" data-element_type=\"container\" data-settings=\"{&quot;background_background&quot;:&quot;classic&quot;,&quot;shape_divider_bottom&quot;:&quot;waves&quot;,&quot;jet_parallax_layout_list&quot;:[]}\">\n\t\t\t\t\t<div class=\"e-con-inner\">\n\t\t\t\t<div class=\"elementor-shape elementor-shape-bottom\" aria-hidden=\"true\" data-negative=\"false\">\n\t\t\t<svg xmlns=\"http:\/\/www.w3.org\/2000\/svg\" viewbox=\"0 0 1000 100\" preserveaspectratio=\"none\">\n\t<path class=\"elementor-shape-fill\" d=\"M421.9,6.5c22.6-2.5,51.5,0.4,75.5,5.3c23.6,4.9,70.9,23.5,100.5,35.7c75.8,32.2,133.7,44.5,192.6,49.7\tc23.6,2.1,48.7,3.5,103.4-2.5c54.7-6,106.2-25.6,106.2-25.6V0H0v30.3c0,0,72,32.6,158.4,30.5c39.2-0.7,92.8-6.7,134-22.4\tc21.2-8.1,52.2-18.2,79.7-24.2C399.3,7.9,411.6,7.5,421.9,6.5z\"\/>\n<\/svg>\t\t<\/div>\n\t\t\t\t<div class=\"elementor-element elementor-element-6412884 elementor-widget__width-inherit elementor-widget elementor-widget-heading\" data-id=\"6412884\" data-element_type=\"widget\" data-widget_type=\"heading.default\">\n\t\t\t\t<div class=\"elementor-widget-container\">\n\t\t\t\t\t<h2 class=\"elementor-heading-title elementor-size-default\">\u0625\u064a\u062c\u0627\u062f \u0648\u0643\u0627\u0644\u0629<\/h2>\t\t\t\t<\/div>\n\t\t\t\t<\/div>\n\t\t\t\t<div class=\"elementor-element elementor-element-f929c2a elementor-widget elementor-widget-heading\" data-id=\"f929c2a\" data-element_type=\"widget\" data-widget_type=\"heading.default\">\n\t\t\t\t<div class=\"elementor-widget-container\">\n\t\t\t\t\t<h2 class=\"elementor-heading-title elementor-size-default\"><div class=\"title-lines\"><font style=\"color: #177030\">\u0644\u0644\u062a\u0623\u0645\u064a\u0646\u0627\u062a\u200c GAM <\/font><\/div><br>partout en Alg\u00e9rie<\/h2>\t\t\t\t<\/div>\n\t\t\t\t<\/div>\n\t\t\t\t\t<\/div>\n\t\t\t\t<\/div>\n\t\t<div class=\"elementor-element elementor-element-1ef2124 parent-container elementor-hidden-desktop elementor-hidden-tablet elementor-hidden-mobile e-flex e-con-boxed e-con e-parent\" data-id=\"1ef2124\" data-element_type=\"container\" data-settings=\"{&quot;jet_parallax_layout_list&quot;:[]}\">\n\t\t\t\t\t<div class=\"e-con-inner\">\n\t\t<div class=\"elementor-element elementor-element-aee143b e-con-full e-flex e-con e-child\" data-id=\"aee143b\" data-element_type=\"container\" data-settings=\"{&quot;jet_parallax_layout_list&quot;:[]}\">\n\t\t\t\t<div class=\"elementor-element elementor-element-9a44466 elementor-widget-divider--view-line elementor-widget elementor-widget-divider\" data-id=\"9a44466\" data-element_type=\"widget\" data-widget_type=\"divider.default\">\n\t\t\t\t<div class=\"elementor-widget-container\">\n\t\t\t\t\t\t\t<div class=\"elementor-divider\">\n\t\t\t<span class=\"elementor-divider-separator\">\n\t\t\t\t\t\t<\/span>\n\t\t<\/div>\n\t\t\t\t\t\t<\/div>\n\t\t\t\t<\/div>\n\t\t\t\t<div class=\"elementor-element elementor-element-5577488 elementor-widget__width-initial elementor-widget elementor-widget-icon-box\" data-id=\"5577488\" data-element_type=\"widget\" data-widget_type=\"icon-box.default\">\n\t\t\t\t<div class=\"elementor-widget-container\">\n\t\t\t\t\t\t\t<div class=\"elementor-icon-box-wrapper\">\n\n\t\t\t\n\t\t\t\t\t\t<div class=\"elementor-icon-box-content\">\n\n\t\t\t\t\t\t\t\t\t<h3 class=\"elementor-icon-box-title\">\n\t\t\t\t\t\t<span  >\n\t\t\t\t\t\t\t+163\t\t\t\t\t\t<\/span>\n\t\t\t\t\t<\/h3>\n\t\t\t\t\n\t\t\t\t\t\t\t\t\t<p class=\"elementor-icon-box-description\">\n\t\t\t\t\t\tAgences \u00e0 travers tout le territoire national!\t\t\t\t\t<\/p>\n\t\t\t\t\n\t\t\t<\/div>\n\t\t\t\n\t\t<\/div>\n\t\t\t\t\t\t<\/div>\n\t\t\t\t<\/div>\n\t\t\t\t<div class=\"elementor-element elementor-element-b40d930 elementor-widget-divider--view-line elementor-widget elementor-widget-divider\" data-id=\"b40d930\" data-element_type=\"widget\" data-widget_type=\"divider.default\">\n\t\t\t\t<div class=\"elementor-widget-container\">\n\t\t\t\t\t\t\t<div class=\"elementor-divider\">\n\t\t\t<span class=\"elementor-divider-separator\">\n\t\t\t\t\t\t<\/span>\n\t\t<\/div>\n\t\t\t\t\t\t<\/div>\n\t\t\t\t<\/div>\n\t\t\t\t<\/div>\n\t\t<div class=\"elementor-element elementor-element-27e0f5f e-con-full list-column e-flex e-con e-child\" data-id=\"27e0f5f\" data-element_type=\"container\" data-settings=\"{&quot;jet_parallax_layout_list&quot;:[]}\">\n\t\t\t\t<\/div>\n\t\t<div class=\"elementor-element elementor-element-02afab5 e-con-full e-flex e-con e-child\" data-id=\"02afab5\" data-element_type=\"container\" data-settings=\"{&quot;jet_parallax_layout_list&quot;:[]}\">\n\t\t\t\t<div class=\"elementor-element elementor-element-0f781bf elementor-widget elementor-widget-image\" data-id=\"0f781bf\" data-element_type=\"widget\" data-widget_type=\"image.default\">\n\t\t\t\t<div class=\"elementor-widget-container\">\n\t\t\t\t\t\t\t\t\t\t\t\t\t\t\t<img fetchpriority=\"high\" decoding=\"async\" width=\"1080\" height=\"1300\" src=\"https:\/\/gam.dz\/wp-content\/uploads\/Carte-GAM-assurance.png\" class=\"attachment-large size-large wp-image-15029\" alt=\"\" srcset=\"https:\/\/gam.dz\/wp-content\/uploads\/Carte-GAM-assurance.png 1080w, https:\/\/gam.dz\/wp-content\/uploads\/Carte-GAM-assurance-768x924.png 768w\" sizes=\"(max-width: 1080px) 100vw, 1080px\" \/>\t\t\t\t\t\t\t\t\t\t\t\t\t\t\t<\/div>\n\t\t\t\t<\/div>\n\t\t\t\t<\/div>\n\t\t\t\t\t<\/div>\n\t\t\t\t<\/div>\n\t\t<div class=\"elementor-element elementor-element-380a642f e-flex e-con-boxed e-con e-parent\" data-id=\"380a642f\" data-element_type=\"container\" data-settings=\"{&quot;jet_parallax_layout_list&quot;:[]}\">\n\t\t\t\t\t<div class=\"e-con-inner\">\n\t\t\t\t<div class=\"elementor-element elementor-element-f50fb15 elementor-widget__width-inherit elementor-widget elementor-widget-heading\" data-id=\"f50fb15\" data-element_type=\"widget\" data-widget_type=\"heading.default\">\n\t\t\t\t<div class=\"elementor-widget-container\">\n\t\t\t\t\t<h2 class=\"elementor-heading-title elementor-size-default\"><font color=\"#007229\"><b>\u0645\u0632\u0627\u064a\u0627\u0646\u0627  <\/b><\/font> Agences<\/h2>\t\t\t\t<\/div>\n\t\t\t\t<\/div>\n\t\t\t\t<div class=\"elementor-element elementor-element-edeef9e elementor-widget elementor-widget-text-editor\" data-id=\"edeef9e\" data-element_type=\"widget\" data-widget_type=\"text-editor.default\">\n\t\t\t\t<div class=\"elementor-widget-container\">\n\t\t\t\t\t\t\t\t\t<p><span class=\"s2\">Un r\u00e9seau en perp\u00e9tuelle expansion pour se rapprocher encore plus de nos clients et r\u00e9pondre \u00e0 leurs besoins<\/span><\/p>\t\t\t\t\t\t\t\t<\/div>\n\t\t\t\t<\/div>\n\t\t\t\t<div class=\"elementor-element elementor-element-2f580aba elementor-widget__width-inherit elementor-widget elementor-widget-heading\" data-id=\"2f580aba\" data-element_type=\"widget\" data-widget_type=\"heading.default\">\n\t\t\t\t<div class=\"elementor-widget-container\">\n\t\t\t\t\t<h2 class=\"elementor-heading-title elementor-size-default\"><font color=\"#007229\"><b>2O4 Agences <\/b><\/font> disponibles du Samedi au jeudi de 9h \u00e0 18h<\/h2>\t\t\t\t<\/div>\n\t\t\t\t<\/div>\n\t\t\t\t\t<\/div>\n\t\t\t\t<\/div>\n\t\t<div class=\"elementor-element elementor-element-96562a0 e-flex e-con-boxed e-con e-parent\" data-id=\"96562a0\" data-element_type=\"container\" data-settings=\"{&quot;jet_parallax_layout_list&quot;:[]}\">\n\t\t\t\t\t<div class=\"e-con-inner\">\n\t\t\t\t<div class=\"elementor-element elementor-element-7bc1f51 elementor-widget elementor-widget-shortcode\" data-id=\"7bc1f51\" data-element_type=\"widget\" data-widget_type=\"shortcode.default\">\n\t\t\t\t<div class=\"elementor-widget-container\">\n\t\t\t\t\t\t\t<div class=\"elementor-shortcode\"><style type=\"text\/css\">\n  .asl-p-cont .asl-print-btn,.asl-cont .asl-print-btn {display: none !important;}  .asl-cont .onoffswitch .onoffswitch-label .onoffswitch-switch:before {content: \"\u0641\u062a\u062d\" !important;}\n  .asl-cont .onoffswitch .onoffswitch-label .onoffswitch-switch:after {content: \"\u0627\u0644\u0643\u0644\" !important;}\n  @media (max-width: 767px) {\n    #asl-storelocator.asl-cont .asl-panel {order: 2;}\n  }\n  .asl-cont.sl-search-only .Filter_section + .sl-row {display: none;}\n  .asl-cont .sl-hide-branches,\n  .asl-cont .sl-hide-branches:hover {color: #FFF !important; text-decoration: none !important;cursor: pointer;}\n<\/style>\n<div id=\"asl-storelocator\" class=\"storelocator-main asl-cont asl-template-0 asl-layout-0 asl-bg-0 full-width no-asl-filters  asl-text-1\">\n  <div class=\"asl-wrapper\">\n    <div class=\"sl-container-fluid\">\n\n            <div class=\"sl-row\">\n        <div class=\"pol-12\">\n            <div class=\"sl-main-cont\">\n                <div class=\"sl-row no-gutters sl-main-row\">\n                    <div id=\"asl-panel\" class=\"asl-panel pol-md-5 pol-lg-4 asl_locator-panel\">\n                        <div class=\"asl-overlay\" id=\"map-loading\">\n                            <div class=\"white\"><\/div>\n                            <div class=\"sl-loading\">\n                              <i class=\"animate-sl-spin icon-spin3\"><\/i>\n                              \u062c\u0627\u0631 \u0627\u0644\u062a\u062d\u0645\u064a\u0644...                            <\/div>\n                        <\/div>\n                                                <div class=\"inside search_filter\">\n                          <label for=\"auto-complete-search\" class=\"mb-2\">\u0645\u0648\u0642\u0639 \u0627\u0644\u0628\u062d\u062b<\/label>\n                          <div class=\"asl-store-search\">\n                            <input type=\"text\" value=\"\" id=\"auto-complete-search\" class=\"asl-search-address form-control\" placeholder=\"Enter a Location \">\n                            <button type=\"button\" class=\"span-geo\"><i class=\"asl-geo asl-geo icon-direction-outline\" title=\"\u0627\u0644\u0645\u0648\u0642\u0639 \u0627\u0644\u062d\u0627\u0644\u064a\"><\/i><\/button>\n                          <\/div>\n                        <\/div>\n                                                <!-- list -->\n                        <div class=\"asl-panel-inner\">\n                            <div class=\"top-title Num_of_store\">\n                              <span><span class=\"sl-head-title\">Number Of Shops<\/span>: <span class=\"count-result\">0<\/span><\/span>\n                                                              <a class=\"asl-print-btn\"><span>\u0645\u0637\u0628\u0639\u0629<\/span><span class=\"asl-print\"><\/span><\/a>\n                                                          <\/div>\n                            <div class=\"sl-main-cont-box\">\n                              <div id=\"asl-list\" class=\"sl-list-wrapper\">\n                                <ul id=\"p-statelist\" class=\"sl-list\">\n                                <\/ul>\n                              <\/div>\n                            <\/div>\n                        <\/div>\n\n                        <div class=\"directions-cont hide\">\n                            <div class=\"agile-modal-header\">\n                                <button type=\"button\" class=\"close\"><span aria-hidden=\"true\">\u00d7<\/span><\/button>\n                                <h4>\u0627\u062a\u062c\u0627\u0647 \u0627\u0644\u0645\u062a\u062c\u0631<\/h4>\n                            <\/div>\n                            <div class=\"rendered-directions\" id=\"asl-rendered-dir\" style=\"direction: ltr;\"><\/div>\n                        <\/div>\n                    <\/div>\n                    <div class=\"pol-md-7 pol-lg-8 asl-map\">\n                        <div class=\"map-image\">\n                            <div id=\"asl-map-canv\" class=\"asl-map-canv\"><\/div>\n                            <div id=\"agile-modal-direction\" class=\"agile-modal fade\">\n    <div class=\"agile-modal-backdrop-in\"><\/div>\n    <div class=\"agile-modal-dialog in\">\n        <div class=\"agile-modal-content\">\n            <div class=\"sl-form-group d-flex justify-content-between\">\n                <h4 >\u0627\u062d\u0635\u0644 \u0639\u0644\u0649 \u0627\u0644\u0627\u062a\u062c\u0627\u0647\u0627\u062a<\/h4>\n                <button type=\"button\" class=\"close-directions sl-close\" data-dismiss=\"agile-modal\" aria-label=\"Close\">&times;<\/button>\n            <\/div>\n            <div class=\"sl-form-group\">\n                <label for=\"frm-lbl\">\u0645\u0646 \u0639\u0646\u062f:<\/label>\n                <input type=\"text\" class=\"form-control frm-place\" id=\"frm-lbl\" placeholder=\"Enter a Location \">\n            <\/div>\n            <div class=\"sl-form-group\">\n                <label for=\"to-lbl\">\u0627\u0644\u0645\u0643\u0627\u0646 \u0627\u0644\u0645\u0642\u0635\u0648\u062f:<\/label>\n                <input readonly=\"true\" type=\"text\"  class=\"directions-to form-control\" id=\"to-lbl\" placeholder=\"\u0639\u0646\u0648\u0627\u0646 \u0627\u0644\u0648\u062c\u0647\u0629 \u0645\u0639\u0628\u0623 \u0645\u0633\u0628\u0642\u064b\u0627\">\n            <\/div>\n            <div class=\"sl-form-group mb-0\">\n                <label for=\"rbtn-km\" class=\"checkbox-inline\">\n                    <input type=\"radio\" name=\"dist-type\"  id=\"rbtn-km\" value=\"0\"> \u0643\u0645                <\/label>\n                <label for=\"rbtn-mile\" class=\"checkbox-inline\">\n                    <input type=\"radio\" name=\"dist-type\" checked id=\"rbtn-mile\" value=\"1\"> \u0627\u0645\u064a\u0627\u0644                <\/label>\n            <\/div>\n            <div class=\"sl-form-group mb-0\">\n                <button type=\"submit\" class=\"btn btn-default btn-submit\">\u0627\u062d\u0635\u0644 \u0639\u0644\u0649 \u0627\u0644\u0627\u062a\u062c\u0627\u0647\u0627\u062a<\/button>\n            <\/div>\n        <\/div>\n    <\/div>\n<\/div>\n\n<div id=\"asl-geolocation-agile-modal\" class=\"agile-modal fade\">\n  <div class=\"agile-modal-backdrop-in\"><\/div>\n  <div class=\"agile-modal-dialog in\">\n    <div class=\"agile-modal-content\">\n            <div class=\"sl-form-group d-flex justify-content-between\">\n        <h5>\u0627\u0633\u062a\u062e\u062f\u0627\u0645 \u0645\u0648\u0642\u0639\u064a \u0644\u0644\u0639\u062b\u0648\u0631 \u0639\u0644\u0649 \u0623\u0642\u0631\u0628 \u0645\u0642\u062f\u0645 \u0627\u0644\u062e\u062f\u0645\u0629 \u0628\u0627\u0644\u0642\u0631\u0628 \u0645\u0646\u064a<\/h5>\n        <button type=\"button\" class=\"close-directions sl-close\" data-dismiss=\"agile-modal\" aria-label=\"Close\" aria-hidden=\"true\">&times;<\/button>\n      <\/div>\n      <div class=\"sl-form-group text-center mb-0\">\n        <button type=\"button\" id=\"asl-btn-geolocation\" class=\"btn btn-block btn-default\">\u0627\u0633\u062a\u062e\u062f\u0627\u0645 \u0645\u0648\u0642\u0639<\/button>\n      <\/div>\n          <\/div>\n  <\/div>\n<\/div>\n\n<div id=\"asl-desc-agile-modal\" class=\"agile-modal fade\">\n  <div class=\"agile-modal-backdrop-in\"><\/div>\n  <div class=\"agile-modal-dialog in\">\n    <div class=\"agile-modal-content\">\n      <div class=\"sl-row\">\n        <div class=\"pol-md-12\">\n          <div class=\"sl-form-group d-flex justify-content-between\">\n            <h4 class=\"sl-title\">Description<\/h4>\n            <button type=\"button\" class=\"close-directions sl-close\" data-dismiss=\"agile-modal\" aria-label=\"Close\">&times;<\/button>\n          <\/div>\n          <p class=\"sl-desc\"><\/p>\n        <\/div>\n      <\/div>\n    <\/div>\n  <\/div>\n<\/div>                        <\/div>\n                    <\/div>\n                <\/div>\n            <\/div>\n        <\/div>\n      <\/div>\n    <\/div>\n  <\/div>\n<\/div>\n<!-- This plugin is developed by \"Agile Store Locator for WordPress\" https:\/\/agilestorelocator.com --><\/div>\n\t\t\t\t\t\t<\/div>\n\t\t\t\t<\/div>\n\t\t\t\t\t<\/div>\n\t\t\t\t<\/div>\n\t\t\t\t<\/div>","protected":false},"excerpt":{"rendered":"<p>Trouver une agence GAM Assurances partout en Alg\u00e9rie +163 Agences \u00e0 travers tout le territoire national! Ouvrir dans Google maps Ouvrir dans Google maps Ouvrir dans Google maps Ouvrir dans Google maps Ouvrir dans Google maps Ouvrir dans Google maps Ouvrir dans Google maps Ouvrir dans Google maps Ouvrir dans Google maps Ouvrir dans Google [&hellip;]<\/p>\n","protected":false},"author":15,"featured_media":0,"parent":0,"menu_order":0,"comment_status":"closed","ping_status":"closed","template":"","meta":{"footnotes":""},"class_list":["post-1497","page","type-page","status-publish","hentry"],"yoast_head":"<!-- This site is optimized with the Yoast SEO plugin v27.1.1 - https:\/\/yoast.com\/product\/yoast-seo-wordpress\/ -->\n<title>Agences - GAM Assurances<\/title>\n<meta name=\"robots\" content=\"index, follow, max-snippet:-1, max-image-preview:large, max-video-preview:-1\" \/>\n<link rel=\"canonical\" href=\"https:\/\/gam.dz\/ar\/agences-gam\/\" \/>\n<meta property=\"og:locale\" content=\"ar_AR\" \/>\n<meta property=\"og:type\" content=\"article\" \/>\n<meta property=\"og:title\" content=\"Agences - GAM Assurances\" \/>\n<meta property=\"og:description\" content=\"Trouver une agence GAM Assurances partout en Alg\u00e9rie +163 Agences \u00e0 travers tout le territoire national! Ouvrir dans Google maps Ouvrir dans Google maps Ouvrir dans Google maps Ouvrir dans Google maps Ouvrir dans Google maps Ouvrir dans Google maps Ouvrir dans Google maps Ouvrir dans Google maps Ouvrir dans Google maps Ouvrir dans Google [&hellip;]\" \/>\n<meta property=\"og:url\" content=\"https:\/\/gam.dz\/ar\/agences-gam\/\" \/>\n<meta property=\"og:site_name\" content=\"GAM Assurances\" \/>\n<meta property=\"article:publisher\" content=\"https:\/\/www.facebook.com\/GAMassurancesofficiel\/\" \/>\n<meta property=\"article:modified_time\" content=\"2025-09-18T10:44:47+00:00\" \/>\n<meta property=\"og:image\" content=\"https:\/\/gam.dz\/wp-content\/uploads\/Carte-GAM-assurance.png\" \/>\n<meta name=\"twitter:card\" content=\"summary_large_image\" \/>\n<meta name=\"twitter:site\" content=\"@gam_assurances\" \/>\n<meta name=\"twitter:label1\" content=\"\u0648\u0642\u062a \u0627\u0644\u0642\u0631\u0627\u0621\u0629 \u0627\u0644\u0645\u064f\u0642\u062f\u0651\u0631\" \/>\n\t<meta name=\"twitter:data1\" content=\"4 \u062f\u0642\u0627\u0626\u0642\" \/>\n<script type=\"application\/ld+json\" class=\"yoast-schema-graph\">{\"@context\":\"https:\/\/schema.org\",\"@graph\":[{\"@type\":\"WebPage\",\"@id\":\"https:\/\/gam.dz\/agences-gam\/\",\"url\":\"https:\/\/gam.dz\/agences-gam\/\",\"name\":\"Agences - GAM Assurances\",\"isPartOf\":{\"@id\":\"https:\/\/bloom-communication.dz\/GAM\/#website\"},\"primaryImageOfPage\":{\"@id\":\"https:\/\/gam.dz\/agences-gam\/#primaryimage\"},\"image\":{\"@id\":\"https:\/\/gam.dz\/agences-gam\/#primaryimage\"},\"thumbnailUrl\":\"https:\/\/gam.dz\/wp-content\/uploads\/Carte-GAM-assurance.png\",\"datePublished\":\"2023-02-14T10:02:00+00:00\",\"dateModified\":\"2025-09-18T10:44:47+00:00\",\"breadcrumb\":{\"@id\":\"https:\/\/gam.dz\/agences-gam\/#breadcrumb\"},\"inLanguage\":\"ar\",\"potentialAction\":[{\"@type\":\"ReadAction\",\"target\":[\"https:\/\/gam.dz\/agences-gam\/\"]}]},{\"@type\":\"ImageObject\",\"inLanguage\":\"ar\",\"@id\":\"https:\/\/gam.dz\/agences-gam\/#primaryimage\",\"url\":\"https:\/\/gam.dz\/wp-content\/uploads\/Carte-GAM-assurance.png\",\"contentUrl\":\"https:\/\/gam.dz\/wp-content\/uploads\/Carte-GAM-assurance.png\"},{\"@type\":\"BreadcrumbList\",\"@id\":\"https:\/\/gam.dz\/agences-gam\/#breadcrumb\",\"itemListElement\":[{\"@type\":\"ListItem\",\"position\":1,\"name\":\"Accueil\",\"item\":\"https:\/\/gam.dz\/\"},{\"@type\":\"ListItem\",\"position\":2,\"name\":\"Agences\"}]},{\"@type\":\"WebSite\",\"@id\":\"https:\/\/bloom-communication.dz\/GAM\/#website\",\"url\":\"https:\/\/bloom-communication.dz\/GAM\/\",\"name\":\"GAM Assurances - Votre partenaire assurances\",\"description\":\"Votre protection est notre engagement\",\"publisher\":{\"@id\":\"https:\/\/bloom-communication.dz\/GAM\/#organization\"},\"potentialAction\":[{\"@type\":\"SearchAction\",\"target\":{\"@type\":\"EntryPoint\",\"urlTemplate\":\"https:\/\/bloom-communication.dz\/GAM\/?s={search_term_string}\"},\"query-input\":{\"@type\":\"PropertyValueSpecification\",\"valueRequired\":true,\"valueName\":\"search_term_string\"}}],\"inLanguage\":\"ar\"},{\"@type\":\"Organization\",\"@id\":\"https:\/\/bloom-communication.dz\/GAM\/#organization\",\"name\":\"GAM Assurances\",\"url\":\"https:\/\/bloom-communication.dz\/GAM\/\",\"logo\":{\"@type\":\"ImageObject\",\"inLanguage\":\"ar\",\"@id\":\"https:\/\/bloom-communication.dz\/GAM\/#\/schema\/logo\/image\/\",\"url\":\"https:\/\/gam.dz\/wp-content\/uploads\/logo.png\",\"contentUrl\":\"https:\/\/gam.dz\/wp-content\/uploads\/logo.png\",\"width\":680,\"height\":754,\"caption\":\"GAM Assurances\"},\"image\":{\"@id\":\"https:\/\/bloom-communication.dz\/GAM\/#\/schema\/logo\/image\/\"},\"sameAs\":[\"https:\/\/www.facebook.com\/GAMassurancesofficiel\/\",\"https:\/\/x.com\/gam_assurances\",\"https:\/\/www.instagram.com\/gamassurances\/\",\"https:\/\/www.linkedin.com\/company\/22295737\/admin\/dashboard\/\"]}]}<\/script>\n<!-- \/ Yoast SEO plugin. -->","yoast_head_json":{"title":"Agences - GAM Assurances","robots":{"index":"index","follow":"follow","max-snippet":"max-snippet:-1","max-image-preview":"max-image-preview:large","max-video-preview":"max-video-preview:-1"},"canonical":"https:\/\/gam.dz\/ar\/agences-gam\/","og_locale":"ar_AR","og_type":"article","og_title":"Agences - GAM Assurances","og_description":"Trouver une agence GAM Assurances partout en Alg\u00e9rie +163 Agences \u00e0 travers tout le territoire national! Ouvrir dans Google maps Ouvrir dans Google maps Ouvrir dans Google maps Ouvrir dans Google maps Ouvrir dans Google maps Ouvrir dans Google maps Ouvrir dans Google maps Ouvrir dans Google maps Ouvrir dans Google maps Ouvrir dans Google [&hellip;]","og_url":"https:\/\/gam.dz\/ar\/agences-gam\/","og_site_name":"GAM Assurances","article_publisher":"https:\/\/www.facebook.com\/GAMassurancesofficiel\/","article_modified_time":"2025-09-18T10:44:47+00:00","og_image":[{"url":"https:\/\/gam.dz\/wp-content\/uploads\/Carte-GAM-assurance.png","type":"","width":"","height":""}],"twitter_card":"summary_large_image","twitter_site":"@gam_assurances","twitter_misc":{"\u0648\u0642\u062a \u0627\u0644\u0642\u0631\u0627\u0621\u0629 \u0627\u0644\u0645\u064f\u0642\u062f\u0651\u0631":"4 \u062f\u0642\u0627\u0626\u0642"},"schema":{"@context":"https:\/\/schema.org","@graph":[{"@type":"WebPage","@id":"https:\/\/gam.dz\/agences-gam\/","url":"https:\/\/gam.dz\/agences-gam\/","name":"Agences - GAM Assurances","isPartOf":{"@id":"https:\/\/bloom-communication.dz\/GAM\/#website"},"primaryImageOfPage":{"@id":"https:\/\/gam.dz\/agences-gam\/#primaryimage"},"image":{"@id":"https:\/\/gam.dz\/agences-gam\/#primaryimage"},"thumbnailUrl":"https:\/\/gam.dz\/wp-content\/uploads\/Carte-GAM-assurance.png","datePublished":"2023-02-14T10:02:00+00:00","dateModified":"2025-09-18T10:44:47+00:00","breadcrumb":{"@id":"https:\/\/gam.dz\/agences-gam\/#breadcrumb"},"inLanguage":"ar","potentialAction":[{"@type":"ReadAction","target":["https:\/\/gam.dz\/agences-gam\/"]}]},{"@type":"ImageObject","inLanguage":"ar","@id":"https:\/\/gam.dz\/agences-gam\/#primaryimage","url":"https:\/\/gam.dz\/wp-content\/uploads\/Carte-GAM-assurance.png","contentUrl":"https:\/\/gam.dz\/wp-content\/uploads\/Carte-GAM-assurance.png"},{"@type":"BreadcrumbList","@id":"https:\/\/gam.dz\/agences-gam\/#breadcrumb","itemListElement":[{"@type":"ListItem","position":1,"name":"Accueil","item":"https:\/\/gam.dz\/"},{"@type":"ListItem","position":2,"name":"Agences"}]},{"@type":"WebSite","@id":"https:\/\/bloom-communication.dz\/GAM\/#website","url":"https:\/\/bloom-communication.dz\/GAM\/","name":"GAM Assurances - Votre partenaire assurances","description":"Votre protection est notre engagement","publisher":{"@id":"https:\/\/bloom-communication.dz\/GAM\/#organization"},"potentialAction":[{"@type":"SearchAction","target":{"@type":"EntryPoint","urlTemplate":"https:\/\/bloom-communication.dz\/GAM\/?s={search_term_string}"},"query-input":{"@type":"PropertyValueSpecification","valueRequired":true,"valueName":"search_term_string"}}],"inLanguage":"ar"},{"@type":"Organization","@id":"https:\/\/bloom-communication.dz\/GAM\/#organization","name":"\u0644\u0644\u062a\u0623\u0645\u064a\u0646\u0627\u062a\u200c GAM","url":"https:\/\/bloom-communication.dz\/GAM\/","logo":{"@type":"ImageObject","inLanguage":"ar","@id":"https:\/\/bloom-communication.dz\/GAM\/#\/schema\/logo\/image\/","url":"https:\/\/gam.dz\/wp-content\/uploads\/logo.png","contentUrl":"https:\/\/gam.dz\/wp-content\/uploads\/logo.png","width":680,"height":754,"caption":"GAM Assurances"},"image":{"@id":"https:\/\/bloom-communication.dz\/GAM\/#\/schema\/logo\/image\/"},"sameAs":["https:\/\/www.facebook.com\/GAMassurancesofficiel\/","https:\/\/x.com\/gam_assurances","https:\/\/www.instagram.com\/gamassurances\/","https:\/\/www.linkedin.com\/company\/22295737\/admin\/dashboard\/"]}]}},"_links":{"self":[{"href":"https:\/\/gam.dz\/ar\/wp-json\/wp\/v2\/pages\/1497","targetHints":{"allow":["GET"]}}],"collection":[{"href":"https:\/\/gam.dz\/ar\/wp-json\/wp\/v2\/pages"}],"about":[{"href":"https:\/\/gam.dz\/ar\/wp-json\/wp\/v2\/types\/page"}],"author":[{"embeddable":true,"href":"https:\/\/gam.dz\/ar\/wp-json\/wp\/v2\/users\/15"}],"replies":[{"embeddable":true,"href":"https:\/\/gam.dz\/ar\/wp-json\/wp\/v2\/comments?post=1497"}],"version-history":[{"count":30,"href":"https:\/\/gam.dz\/ar\/wp-json\/wp\/v2\/pages\/1497\/revisions"}],"predecessor-version":[{"id":20482,"href":"https:\/\/gam.dz\/ar\/wp-json\/wp\/v2\/pages\/1497\/revisions\/20482"}],"wp:attachment":[{"href":"https:\/\/gam.dz\/ar\/wp-json\/wp\/v2\/media?parent=1497"}],"curies":[{"name":"wp","href":"https:\/\/api.w.org\/{rel}","templated":true}]}}